{"id":3,"date":"2022-12-21T22:48:20","date_gmt":"2022-12-21T21:48:20","guid":{"rendered":"https:\/\/nextmeal.dk\/?page_id=3"},"modified":"2022-12-31T02:12:09","modified_gmt":"2022-12-31T01:12:09","slug":"privatlivspolitik","status":"publish","type":"page","link":"https:\/\/nextmeal.dk\/en\/privatlivspolitik\/","title":{"rendered":"Privacy policy"},"content":{"rendered":"<h2 class=\"wp-block-heading\">Hvem er vi<\/h2>\n\n\n\n<p><strong class=\"privacy-policy-tutorial\">Foresl\u00e5et tekst: <\/strong>Vores webstedsadresse er: https:\/\/nextmeal.dk.<\/p>\n\n\n\n<h2 class=\"wp-block-heading\">Kommentarer<\/h2>\n\n\n\n<p><strong class=\"privacy-policy-tutorial\">Foresl\u00e5et tekst: <\/strong>N\u00e5r bes\u00f8gende skriver kommentarer p\u00e5 webstedet, indsamler vi de data, som vises i kommentarformularen, og ogs\u00e5 den bes\u00f8gendes IP-adresse og browserens user agent string for at hj\u00e6lpe med at opdage spam.<\/p>\n\n\n\n<p>En anonymiseret streng som er oprettet ud fra din e-mailadresse (ogs\u00e5 kaldet et hash), kan leveres til Gravatar tjenesten for at se om du bruger denne. Gravatar tjenestens privatlivspolitik er tilg\u00e6ngelig her: https:\/\/automattic.com\/privacy\/. Efter godkendelse af din kommentar, vil dit profilbillede v\u00e6re synligt for offentligheden sammen med din kommentar.<\/p>\n\n\n\n<h2 class=\"wp-block-heading\">Medier<\/h2>\n\n\n\n<p><strong class=\"privacy-policy-tutorial\">Foresl\u00e5et tekst: <\/strong>Hvis du uploader billeder til webstedet, s\u00e5 b\u00f8r du undlade at uploade billeder med indlejrede lokalitetsdata (EXIF GPS) inkluderet. Bes\u00f8gende p\u00e5 webstedet kan downloade og udtr\u00e6kke alle lokalitetsdata fra billeder p\u00e5 webstedet.<\/p>\n\n\n\n<h2 class=\"wp-block-heading\">Cookies<\/h2>\n\n\n\n<p><strong class=\"privacy-policy-tutorial\">Foresl\u00e5et tekst: <\/strong>Hvis du skriver en kommentar p\u00e5 vores websted, kan du v\u00e6lge at gemme dit navn, e-mailadresse og websted i cookies. Disse er til din bekvemmeligehed, s\u00e5 du ikke skal udfylde dine oplysninger igen, n\u00e5r du skriver endnu en kommentar. Disse cookies vil holde i et \u00e5r.<\/p>\n\n\n\n<p>Hvis du bes\u00f8ger vores loginside, opretter vi en midlertidig cookie for at afg\u00f8re om din browser accepterer cookies. Denne cookie indeholder ingen personlige data og slettes, n\u00e5r du lukker din browser.<\/p>\n\n\n\n<p>N\u00e5r du logger ind, vil vi ops\u00e6tte en r\u00e6kke cookies og gemme din logininformation og dine valg af sk\u00e6rmvisning. Login cookies holder i to dage, og sk\u00e6rmvalg cookies holder i et \u00e5r. Hvis du v\u00e6lger &#8220;Husk mig&#8221;, vil dit login holde i to uger. Hvis du logger ud af din konto, vil login cookierne forsvinde.<\/p>\n\n\n\n<p>Hvis du redigerer eller udgiver en artikel, vil en yderligere cookie blive gemt i din browser. Denne cookie indeholder ikke nogle personlige data og opgiver simpelthen indl\u00e6gsID p\u00e5 den artikel, du lige har redigeret. Den udl\u00f8ber efter 1 dag.<\/p>\n\n\n\n<h2 class=\"wp-block-heading\">Indlejret indhold fra andre websteder<\/h2>\n\n\n\n<p><strong class=\"privacy-policy-tutorial\">Foresl\u00e5et tekst: <\/strong>Artikler p\u00e5 dette websted kan indeholde indlejret indhold (f.eks. videoer, billeder, artikler osv.). Indlejret indhold fra andre websteder opf\u00f8rer sig p\u00e5 n\u00f8jagtig samme m\u00e5de, som hvis den bes\u00f8gende har bes\u00f8gt det andet websted.<\/p>\n\n\n\n<p>Disse websteder indsamler m\u00e5ske data om dig, bruger cookies, indlejrer ekstra tredjeparts sporing, og overv\u00e5ger din interaktion med dette indlejrede indhold, heriblandt at spore din interaktion med indlejret indhold, hvis du har en konto og en logget ind p\u00e5 det websted.<\/p>\n\n\n\n<h2 class=\"wp-block-heading\">Hvem vi deler dine data med<\/h2>\n\n\n\n<p><strong class=\"privacy-policy-tutorial\">Foresl\u00e5et tekst: <\/strong>Hvis du anmoder om en nulstilling af adgangskoden, medtages din IP-adresse i e-mailen med nustillingen.<\/p>\n\n\n\n<h2 class=\"wp-block-heading\">Hvor l\u00e6nge vi gemmer dine data<\/h2>\n\n\n\n<p><strong class=\"privacy-policy-tutorial\">Foresl\u00e5et tekst: <\/strong>Hvis du skriver en kommentar, s\u00e5 bliver kommentarer og dens metadata bevaret p\u00e5 ubestemt tid. Dette er s\u00e5 vi kan genkende og godkende enhver opf\u00f8lgende kommentar automatisk i stedet for at have dem i en moderationsk\u00f8.<\/p>\n\n\n\n<p>For brugere som opretter sig p\u00e5 vores websted (om nogen), gemmer vi ogs\u00e5 den personlige information de giver til deres brugerprofil. Alle brugere kan se, redigere, eller slette deres personlige information til enhver tid (med den undtagelse at de ikke kan \u00e6ndre deres brugernavn). Webstedets administratorer kan ogs\u00e5 se og redigere den information.<\/p>\n\n\n\n<h2 class=\"wp-block-heading\">Hvilke rettigheder har du over dine data<\/h2>\n\n\n\n<p><strong class=\"privacy-policy-tutorial\">Foresl\u00e5et tekst: <\/strong>Hvis du har en konto p\u00e5 dette websted, eller har skrevet kommentarer, kan du bede om en eksporteret fil med de personlige data vi har liggende om dig, heriblandt alt data, du har givet os. Du kan ogs\u00e5 bede om, at vi sletter alle personlige data, vi har om dig. Dette indbefatter ikke nogen form for data, som vi er forpligtede til at gemme af administrative, lovm\u00e6ssige eller sikkerhedsm\u00e6ssige grunde.<\/p>\n\n\n\n<h2 class=\"wp-block-heading\">Hvor dine data sendes hen<\/h2>\n\n\n\n<p><strong class=\"privacy-policy-tutorial\">Foresl\u00e5et tekst: <\/strong>Bes\u00f8gendes kommentarer kan muligvis blive kontrolleret af en automatisk spam-genkendelse tjeneste.<\/p>\n\n\n\n<h2 class=\"wp-block-heading\">Akismet<\/h2>\n\n\n\n<p>We collect information about visitors who comment on Sites that use our Akismet anti-spam service. The information we collect depends on how the User sets up Akismet for the Site, but typically includes the commenter&#8217;s IP address, user agent, referrer, and Site URL (along with other information directly provided by the commenter such as their name, username, email address, and the comment itself).<\/p>\n\n\n\n<div style=\"height:100px\" aria-hidden=\"true\" class=\"wp-block-spacer\"><\/div>\n\n\n\n<h1 class=\"privacy-policy-h1\">Privacy Policy\n<br><span>Last Updated On 14-Nov-2022<\/span>\n<br><span>Effective Date 14-Nov-2022<\/span>\n<\/h1>\n\n<p class=\"privacy-policy-p\">\n    This Privacy Policy describes the policies of\n\n    NextMeal,\n    Bromb\u00e6rvej 37,\n    Denmark\n    9530, St\u00f8vring,\n    Denmark,\n    email: contact@nextmeal.dk,\n    phone: +4522525629\n\n    on the collection,\n    use and disclosure of your information that we collect\n    when you use our website ( https:\/\/nextmeal.dk ).\n    (the \u201cService\u201d). By accessing or using\n    the\n    Service, you are consenting to the collection, use and\n    disclosure of your information in accordance with this\n    Privacy Policy. If you do not consent to the same,\n    please do not access or use the Service.\n<\/p>\n\n<p class=\"privacy-policy-p\">\n    We may modify this Privacy Policy at any time without\n    any prior notice to you and will post the revised\n    Privacy Policy on the Service. The revised Policy will\n    be effective 180 days from when the\n    revised Policy is posted in the Service and your\n    continued access or use of the Service after such time\n    will constitute your acceptance of the revised Privacy\n    Policy. We therefore recommend that you periodically\n    review this page.\n<\/p>\n\n<ol class=\"privacy-policy-ol\">\n    \n    \n\n    \n    \n\n    \n    <li>\n        <h2 class=\"privacy-policy-h2\">\n            Your Rights:\n        <\/h2>\n        <p class=\"privacy-policy-p\">\n            Depending on the law that applies, you may have\n            a right to access and rectify or erase your\n            personal data or receive a copy of your personal\n            data, restrict or object to the active\n            processing of your data, ask us to share (port)\n            your personal information to another entity,\n            withdraw any consent you provided to us to\n            process your data, a right to lodge a complaint\n            with a statutory authority and such other rights\n            as may be relevant under applicable laws. To\n            exercise these rights, you can write to us at\n            contact@nextmeal.dk.\n            We will respond to your\n            request in accordance with applicable law.\n        <\/p>\n\n        \n        <p class=\"privacy-policy-p\">\n            Do note that if you do not allow us to collect\n            or process the required personal information or\n            withdraw the consent to process the same for the\n            required purposes, you may not be able to access\n            or use the services for which your information\n            was sought.\n        <\/p>\n    <\/li>\n        <li>\n        <h2 class=\"privacy-policy-h2\">\n            Cookies Etc.\n        <\/h2>\n        <p class=\"privacy-policy-p\">\n\n            \n            To learn more about how we use these\n            and your choices in relation to these tracking\n            technologies, please refer to our\n            <a href=\"https:\/\/nextmeal.dk\/en\/cookiepolitik\/\">Cookie Policy.<\/a>\n        <\/p>\n    <\/li>\n    \n    <li>\n        <h2 class=\"privacy-policy-h2\">\n            Security:\n        <\/h2>\n        <p class=\"privacy-policy-p\">\n            The security of your information is important to\n            us and we will use reasonable security measures\n            to prevent the loss, misuse or unauthorized\n            alteration of your information under our\n            control. However, given the inherent risks, we\n            cannot guarantee absolute security and\n            consequently, we cannot ensure or warrant the\n            security of any information you transmit to us\n            and you do so at your own risk.\n        <\/p>\n    <\/li>\n\n        <li>\n        <h2 class=\"privacy-policy-h2\">\n            Third Party Links &amp; Use Of Your Information:\n        <\/h2>\n        <p class=\"privacy-policy-p\">\n            Our Service may contain links to other websites\n            that are not operated by us. This Privacy Policy\n            does not address the privacy policy and other\n            practices of any third parties, including any\n            third party operating any website or service\n            that may be accessible via a link on the\n            Service. We strongly advise you to review the\n            privacy policy of every site you visit. We have\n            no control over and assume no responsibility for\n            the content, privacy policies or practices of\n            any third party sites or services.\n        <\/p>\n    <\/li>\n    \n    <li>\n        <h2 class=\"privacy-policy-h2\">\n            Grievance \/ Data Protection Officer:\n        <\/h2>\n        <p class=\"privacy-policy-p\">\n            If you have any queries or concerns about the\n            processing of your information that is available\n            with us, you may email our Grievance Officer at\n            NextMeal,\n            Bromb\u00e6rvej 37,\n            email: contact@nextmeal.dk.\n            We will address your concerns in accordance with applicable law.\n        <\/p>\n    <\/li>\n<\/ol>\n<p class=\"privacy-policy-p\">\n    Privacy Policy generated with  <a target=\"_blank\" href=\"https:\/\/www.cookieyes.com\/?utm_source=PP&amp;utm_medium=footer&amp;utm_campaign=UW\" rel=\"noopener\">CookieYes<\/a>.\n<\/p>","protected":false},"excerpt":{"rendered":"<p>Hvem er vi Foresl\u00e5et tekst: Vores webstedsadresse er: https:\/\/nextmeal.dk. Kommentarer Foresl\u00e5et tekst: N\u00e5r bes\u00f8gende skriver kommentarer p\u00e5 webstedet, indsamler vi de data, som vises i kommentarformularen, og ogs\u00e5 den bes\u00f8gendes IP-adresse og browserens user agent string for at hj\u00e6lpe med at opdage spam. En anonymiseret streng som er oprettet ud fra din e-mailadresse (ogs\u00e5 kaldet [&hellip;]<\/p>\n","protected":false},"author":1,"featured_media":0,"parent":0,"menu_order":0,"comment_status":"closed","ping_status":"open","template":"","meta":{"_uag_custom_page_level_css":"","wprm-recipe-roundup-name":"","wprm-recipe-roundup-description":"","_themeisle_gutenberg_block_has_review":false,"footnotes":""},"class_list":["post-3","page","type-page","status-publish","hentry"],"blocksy_meta":{"styles_descriptor":{"styles":{"desktop":"","tablet":"","mobile":""},"google_fonts":[],"version":6}},"uagb_featured_image_src":{"full":false,"thumbnail":false,"medium":false,"medium_large":false,"large":false,"1536x1536":false,"2048x2048":false,"trp-custom-language-flag":false,"wprm-metadata-1_1":false,"wprm-metadata-4_3":false,"wprm-metadata-16_9":false},"uagb_author_info":{"display_name":"Lars","author_link":"https:\/\/nextmeal.dk\/en\/author\/lars\/"},"uagb_comment_info":0,"uagb_excerpt":"Hvem er vi Foresl\u00e5et tekst: Vores webstedsadresse er: https:\/\/nextmeal.dk. Kommentarer Foresl\u00e5et tekst: N\u00e5r bes\u00f8gende skriver kommentarer p\u00e5 webstedet, indsamler vi de data, som vises i kommentarformularen, og ogs\u00e5 den bes\u00f8gendes IP-adresse og browserens user agent string for at hj\u00e6lpe med at opdage spam. En anonymiseret streng som er oprettet ud fra din e-mailadresse (ogs\u00e5 kaldet&hellip;","_links":{"self":[{"href":"https:\/\/nextmeal.dk\/en\/wp-json\/wp\/v2\/pages\/3","targetHints":{"allow":["GET"]}}],"collection":[{"href":"https:\/\/nextmeal.dk\/en\/wp-json\/wp\/v2\/pages"}],"about":[{"href":"https:\/\/nextmeal.dk\/en\/wp-json\/wp\/v2\/types\/page"}],"author":[{"embeddable":true,"href":"https:\/\/nextmeal.dk\/en\/wp-json\/wp\/v2\/users\/1"}],"replies":[{"embeddable":true,"href":"https:\/\/nextmeal.dk\/en\/wp-json\/wp\/v2\/comments?post=3"}],"version-history":[{"count":2,"href":"https:\/\/nextmeal.dk\/en\/wp-json\/wp\/v2\/pages\/3\/revisions"}],"predecessor-version":[{"id":158,"href":"https:\/\/nextmeal.dk\/en\/wp-json\/wp\/v2\/pages\/3\/revisions\/158"}],"wp:attachment":[{"href":"https:\/\/nextmeal.dk\/en\/wp-json\/wp\/v2\/media?parent=3"}],"curies":[{"name":"wp","href":"https:\/\/api.w.org\/{rel}","templated":true}]}}