{"id":599,"date":"2024-02-19T23:21:56","date_gmt":"2024-02-19T22:21:56","guid":{"rendered":"https:\/\/nextmeal.dk\/?page_id=599"},"modified":"2024-03-10T22:50:12","modified_gmt":"2024-03-10T21:50:12","slug":"blokeret-ip-adresse","status":"publish","type":"page","link":"https:\/\/nextmeal.dk\/en\/blokeret-ip-adresse\/","title":{"rendered":"Blocked IP address"},"content":{"rendered":"<p>Unfortunately, the IP address from which you are trying to access the website is blocked.<\/p>\n\n\n\n<p>The blocking of the IP address can be due to:<\/p>\n\n\n\n<ul class=\"wp-block-list\">\n<li>Spam or unacceptable behavior detected from your IP address<\/li>\n\n\n\n<li>Hacking attempted from your IP address<\/li>\n\n\n\n<li>That you are located in a country that, due to the high incidence of the above reasons, has been excluded from access to the site\n<ul class=\"wp-block-list\">\n<li>Belarus<\/li>\n\n\n\n<li>Democratic People's Republic of Korea (North Korea)<\/li>\n\n\n\n<li>India<\/li>\n\n\n\n<li>China<\/li>\n\n\n\n<li>Nigeria<\/li>\n\n\n\n<li>Russia<\/li>\n\n\n\n<li>Syria<\/li>\n\n\n\n<li>Venezuela<\/li>\n<\/ul>\n<\/li>\n\n\n\n<li>If you access the front page many times within 24 hours, you will be automatically blocked<\/li>\n<\/ul>\n\n\n\n<p>If you do not recognize any of the above, you can write an email to <a href=\"mailto:kontakt@nextmeal.dk\" target=\"_blank\" rel=\"noreferrer noopener\">kontakt@nextmeal.dk<\/a>.<\/p>\n\n\n\n<p><strong>Best regards,<\/strong><\/p>\n\n\n\n<p>Lars Overgaard Larsen<br><em>Owner, NextMeal.dk<\/em><\/p>","protected":false},"excerpt":{"rendered":"<p>Den IP-adresse du fors\u00f8ger at tilg\u00e5 siden fra, er desv\u00e6rre blokeret. Blokeringen af IP-adressen kan skyldes: Hvis du ikke genkender nogen af ovenst\u00e5ende kan du skrive en mail til kontakt@nextmeal.dk. Med venlig hilsen Lars Overgaard LarsenEjer, NextMeal.dk<\/p>","protected":false},"author":1,"featured_media":0,"parent":0,"menu_order":0,"comment_status":"closed","ping_status":"closed","template":"","meta":{"_uag_custom_page_level_css":"","wprm-recipe-roundup-name":"","wprm-recipe-roundup-description":"","_themeisle_gutenberg_block_has_review":false,"footnotes":""},"class_list":["post-599","page","type-page","status-publish","hentry"],"blocksy_meta":[],"uagb_featured_image_src":{"full":false,"thumbnail":false,"medium":false,"medium_large":false,"large":false,"1536x1536":false,"2048x2048":false,"trp-custom-language-flag":false,"wprm-metadata-1_1":false,"wprm-metadata-4_3":false,"wprm-metadata-16_9":false},"uagb_author_info":{"display_name":"Lars","author_link":"https:\/\/nextmeal.dk\/en\/author\/lars\/"},"uagb_comment_info":0,"uagb_excerpt":"Den IP-adresse du fors\u00f8ger at tilg\u00e5 siden fra, er desv\u00e6rre blokeret. Blokeringen af IP-adressen kan skyldes: Hvis du ikke genkender nogen af ovenst\u00e5ende kan du skrive en mail til kontakt@nextmeal.dk. Med venlig hilsen Lars Overgaard LarsenEjer, NextMeal.dk","_links":{"self":[{"href":"https:\/\/nextmeal.dk\/en\/wp-json\/wp\/v2\/pages\/599","targetHints":{"allow":["GET"]}}],"collection":[{"href":"https:\/\/nextmeal.dk\/en\/wp-json\/wp\/v2\/pages"}],"about":[{"href":"https:\/\/nextmeal.dk\/en\/wp-json\/wp\/v2\/types\/page"}],"author":[{"embeddable":true,"href":"https:\/\/nextmeal.dk\/en\/wp-json\/wp\/v2\/users\/1"}],"replies":[{"embeddable":true,"href":"https:\/\/nextmeal.dk\/en\/wp-json\/wp\/v2\/comments?post=599"}],"version-history":[{"count":6,"href":"https:\/\/nextmeal.dk\/en\/wp-json\/wp\/v2\/pages\/599\/revisions"}],"predecessor-version":[{"id":611,"href":"https:\/\/nextmeal.dk\/en\/wp-json\/wp\/v2\/pages\/599\/revisions\/611"}],"wp:attachment":[{"href":"https:\/\/nextmeal.dk\/en\/wp-json\/wp\/v2\/media?parent=599"}],"curies":[{"name":"wp","href":"https:\/\/api.w.org\/{rel}","templated":true}]}}